{"id":730,"date":"2021-11-28T13:36:24","date_gmt":"2021-11-28T13:36:24","guid":{"rendered":"https:\/\/impreza25.us-themes.com\/?page_id=730"},"modified":"2023-02-01T15:52:14","modified_gmt":"2023-02-01T14:52:14","slug":"rooms","status":"publish","type":"page","link":"https:\/\/ellingertor.de\/en\/rooms\/","title":{"rendered":"Zimmer"},"content":{"rendered":"<section class=\"l-section wpb_row height_custom\"><div class=\"l-section-h i-cf\"><div class=\"g-cols vc_row via_grid cols_1 laptops-cols_inherit tablets-cols_inherit mobiles-cols_1 valign_top type_default\"><div class=\"wpb_column vc_column_container\"><div class=\"vc_column-inner\"><div class=\"w-separator us_custom_f563326e us_animate_this size_medium\"><\/div><h1 class=\"w-text us_custom_edb423b1\"><span class=\"w-text-h\"><span class=\"w-text-value\">Unsere Zimmer<\/span><\/span><\/h1><div class=\"w-separator size_medium\"><\/div><div class=\"w-grid type_grid layout_686 cols_3 with_css_animation\" id=\"us_grid_1\" data-filterable=\"true\"><style>#us_grid_1 .w-grid-item{padding:1.5rem}#us_grid_1 .w-grid-list{margin:-1.5rem}.w-grid + #us_grid_1 .w-grid-list,.w-grid-none + #us_grid_1 .w-grid-list{margin-top:1.5rem}@media (max-width:899px){#us_grid_1 .w-grid-item{width:50%}}@media (max-width:599px){#us_grid_1 .w-grid-list{margin:0}#us_grid_1 .w-grid-item{width:100%;padding:0;margin-bottom:1.5rem}}.layout_686 .w-grid-item-h{background:var(--color-alt-content-bg-alt);color:var(--color-alt-content-text)}.layout_686 .usg_post_image_1{width:100%!important}.layout_686 .usg_post_title_1{color:var(--color-alt-content-heading)!important;font-size:max( 40px,1.8vw )!important;margin-left:40px!important;margin-top:20px!important;margin-right:40px!important}.layout_686 .usg_post_content_1{margin-left:40px!important;margin-top:20px!important;margin-right:40px!important}.layout_686 .usg_btn_1{margin:20px 40px 40px 40px!important}@media (min-width:1025px) and (max-width:1280px){.layout_686 .usg_post_title_1{margin-left:30px!important;margin-top:20px!important;margin-right:30px!important}.layout_686 .usg_post_content_1{margin-left:30px!important;margin-top:20px!important;margin-right:30px!important}.layout_686 .usg_btn_1{margin:20px 30px 30px 30px!important}}@media (min-width:601px) and (max-width:1024px){.layout_686 .usg_post_title_1{margin-left:20px!important;margin-top:20px!important;margin-right:20px!important}.layout_686 .usg_post_content_1{margin-left:20px!important;margin-top:20px!important;margin-right:20px!important}.layout_686 .usg_btn_1{margin:20px!important}}@media (max-width:600px){.layout_686 .usg_post_title_1{margin-left:20px!important;margin-top:20px!important;margin-right:20px!important}.layout_686 .usg_post_content_1{margin-left:20px!important;margin-top:20px!important;margin-right:20px!important}.layout_686 .usg_btn_1{margin:20px!important}}<\/style><div class=\"w-grid-list\">\t<article class=\"w-grid-item us_animate_afl size_1x1 post-796 us_portfolio type-us_portfolio status-publish has-post-thumbnail hentry\" data-id=\"796\" style=\"animation-delay:0s\">\r\n\t\t<div class=\"w-grid-item-h\">\r\n\t\t\t\t\t\t<div class=\"w-post-elm post_image usg_post_image_1 has_width has_ratio\"><div style=\"padding-bottom:56.25%\"><\/div><a href=\"https:\/\/ellingertor.de\/en\/room\/princes-luxe-room\/\" aria-label=\"Einzelzimmer Standard\"><img decoding=\"async\" width=\"1024\" height=\"683\" src=\"https:\/\/ellingertor.de\/wp-content\/uploads\/2021\/12\/B7307419-1024x683.jpg\" class=\"attachment-large size-large wp-post-image\" alt=\"\" srcset=\"https:\/\/ellingertor.de\/wp-content\/uploads\/2021\/12\/B7307419-1024x683.jpg 1024w, https:\/\/ellingertor.de\/wp-content\/uploads\/2021\/12\/B7307419-300x200.jpg 300w, https:\/\/ellingertor.de\/wp-content\/uploads\/2021\/12\/B7307419-scaled.jpg 1920w\" sizes=\"(max-width: 1024px) 100vw, 1024px\" \/><\/a><\/div><h3 class=\"w-post-elm post_title usg_post_title_1 entry-title color_link_inherit\"><a href=\"https:\/\/ellingertor.de\/en\/room\/princes-luxe-room\/\">Einzelzimmer Standard<\/a><\/h3><div class=\"w-post-elm post_content usg_post_content_1\"><p>16m\u00b2 \/ 172ft\u00b2<\/p>\n<p>Einzelbett: 90 cm x 200 cm<\/p>\n<p>1 Person<\/p>\n<p> 77,50 \u20ac<\/p>\n<\/div><a class=\"w-btn us-btn-style_21 usg_btn_1\" href=\"https:\/\/ellingertor.de\/en\/room\/princes-luxe-room\/\"><span class=\"w-btn-label\">Zimmer anschauen<\/span><\/a>\t\t<\/div>\r\n\t<\/article>\r\n\t<article class=\"w-grid-item us_animate_afl size_1x1 post-1216 us_portfolio type-us_portfolio status-publish has-post-thumbnail hentry\" data-id=\"1216\" style=\"animation-delay:0.1s\">\r\n\t\t<div class=\"w-grid-item-h\">\r\n\t\t\t\t\t\t<div class=\"w-post-elm post_image usg_post_image_1 has_width has_ratio\"><div style=\"padding-bottom:56.25%\"><\/div><a href=\"https:\/\/ellingertor.de\/en\/room\/einzelzimmer-komfort\/\" aria-label=\"Einzelzimmer Komfort\"><img decoding=\"async\" width=\"1024\" height=\"683\" src=\"https:\/\/ellingertor.de\/wp-content\/uploads\/2021\/12\/B7307419-1024x683.jpg\" class=\"attachment-large size-large wp-post-image\" alt=\"\" srcset=\"https:\/\/ellingertor.de\/wp-content\/uploads\/2021\/12\/B7307419-1024x683.jpg 1024w, https:\/\/ellingertor.de\/wp-content\/uploads\/2021\/12\/B7307419-300x200.jpg 300w, https:\/\/ellingertor.de\/wp-content\/uploads\/2021\/12\/B7307419-scaled.jpg 1920w\" sizes=\"(max-width: 1024px) 100vw, 1024px\" \/><\/a><\/div><h3 class=\"w-post-elm post_title usg_post_title_1 entry-title color_link_inherit\"><a href=\"https:\/\/ellingertor.de\/en\/room\/einzelzimmer-komfort\/\">Einzelzimmer Komfort<\/a><\/h3><div class=\"w-post-elm post_content usg_post_content_1\"><p>16m\u00b2 \/ 172ft\u00b2<\/p>\n<p>Einzelbett: 90 cm x 200 cm<\/p>\n<p>1 Person<\/p>\n<p>83,00 \u20ac<\/p>\n<\/div><a class=\"w-btn us-btn-style_21 usg_btn_1\" href=\"https:\/\/ellingertor.de\/en\/room\/einzelzimmer-komfort\/\"><span class=\"w-btn-label\">Zimmer anschauen<\/span><\/a>\t\t<\/div>\r\n\t<\/article>\r\n\t<article class=\"w-grid-item us_animate_afl size_1x1 post-1212 us_portfolio type-us_portfolio status-publish has-post-thumbnail hentry\" data-id=\"1212\" style=\"animation-delay:0.2s\">\r\n\t\t<div class=\"w-grid-item-h\">\r\n\t\t\t\t\t\t<div class=\"w-post-elm post_image usg_post_image_1 has_width has_ratio\"><div style=\"padding-bottom:56.25%\"><\/div><a href=\"https:\/\/ellingertor.de\/en\/room\/einzelzimmer-balkon\/\" aria-label=\"Einzelzimmer Balkon\"><img decoding=\"async\" width=\"1024\" height=\"683\" src=\"https:\/\/ellingertor.de\/wp-content\/uploads\/2021\/12\/B7307419-1024x683.jpg\" class=\"attachment-large size-large wp-post-image\" alt=\"\" srcset=\"https:\/\/ellingertor.de\/wp-content\/uploads\/2021\/12\/B7307419-1024x683.jpg 1024w, https:\/\/ellingertor.de\/wp-content\/uploads\/2021\/12\/B7307419-300x200.jpg 300w, https:\/\/ellingertor.de\/wp-content\/uploads\/2021\/12\/B7307419-scaled.jpg 1920w\" sizes=\"(max-width: 1024px) 100vw, 1024px\" \/><\/a><\/div><h3 class=\"w-post-elm post_title usg_post_title_1 entry-title color_link_inherit\"><a href=\"https:\/\/ellingertor.de\/en\/room\/einzelzimmer-balkon\/\">Einzelzimmer Balkon<\/a><\/h3><div class=\"w-post-elm post_content usg_post_content_1\"><p>16m\u00b2 \/ 172ft\u00b2<\/p>\n<p>Einzelbett: 90 cm x 200 cm<\/p>\n<p>1 Person<\/p>\n<p>88,00 \u20ac<\/p>\n<\/div><a class=\"w-btn us-btn-style_21 usg_btn_1\" href=\"https:\/\/ellingertor.de\/en\/room\/einzelzimmer-balkon\/\"><span class=\"w-btn-label\">Zimmer anschauen<\/span><\/a>\t\t<\/div>\r\n\t<\/article>\r\n\t<article class=\"w-grid-item us_animate_afl size_1x1 post-1197 us_portfolio type-us_portfolio status-publish has-post-thumbnail hentry\" data-id=\"1197\" style=\"animation-delay:0.3s\">\r\n\t\t<div class=\"w-grid-item-h\">\r\n\t\t\t\t\t\t<div class=\"w-post-elm post_image usg_post_image_1 has_width has_ratio\"><div style=\"padding-bottom:56.25%\"><\/div><a href=\"https:\/\/ellingertor.de\/en\/room\/doppelzimmer-standard-balkon\/\" aria-label=\"Doppelzimmer Standard Balkon\"><img decoding=\"async\" width=\"1024\" height=\"683\" src=\"https:\/\/ellingertor.de\/wp-content\/uploads\/2021\/12\/B7307395-1024x683.jpg\" class=\"attachment-large size-large wp-post-image\" alt=\"\" srcset=\"https:\/\/ellingertor.de\/wp-content\/uploads\/2021\/12\/B7307395-1024x683.jpg 1024w, https:\/\/ellingertor.de\/wp-content\/uploads\/2021\/12\/B7307395-300x200.jpg 300w, https:\/\/ellingertor.de\/wp-content\/uploads\/2021\/12\/B7307395-scaled.jpg 1920w\" sizes=\"(max-width: 1024px) 100vw, 1024px\" \/><\/a><\/div><h3 class=\"w-post-elm post_title usg_post_title_1 entry-title color_link_inherit\"><a href=\"https:\/\/ellingertor.de\/en\/room\/doppelzimmer-standard-balkon\/\">Doppelzimmer Standard Balkon<\/a><\/h3><div class=\"w-post-elm post_content usg_post_content_1\"><p>16m\u00b2 \/ 172ft\u00b2<\/p>\n<p>Doppelbett: 180 cm x 200 cm<\/p>\n<p>1\u20132 Personen<\/p>\n<p>103,50 \u20ac<\/p>\n<\/div><a class=\"w-btn us-btn-style_21 usg_btn_1\" href=\"https:\/\/ellingertor.de\/en\/room\/doppelzimmer-standard-balkon\/\"><span class=\"w-btn-label\">Zimmer anschauen<\/span><\/a>\t\t<\/div>\r\n\t<\/article>\r\n\t<article class=\"w-grid-item us_animate_afl size_1x1 post-800 us_portfolio type-us_portfolio status-publish has-post-thumbnail hentry\" data-id=\"800\" style=\"animation-delay:0.4s\">\r\n\t\t<div class=\"w-grid-item-h\">\r\n\t\t\t\t\t\t<div class=\"w-post-elm post_image usg_post_image_1 has_width has_ratio\"><div style=\"padding-bottom:56.25%\"><\/div><a href=\"https:\/\/ellingertor.de\/en\/room\/princes-super-room\/\" aria-label=\"Doppelzimmer Standard\"><img decoding=\"async\" width=\"1024\" height=\"683\" src=\"https:\/\/ellingertor.de\/wp-content\/uploads\/2021\/12\/B7307395-1024x683.jpg\" class=\"attachment-large size-large wp-post-image\" alt=\"\" srcset=\"https:\/\/ellingertor.de\/wp-content\/uploads\/2021\/12\/B7307395-1024x683.jpg 1024w, https:\/\/ellingertor.de\/wp-content\/uploads\/2021\/12\/B7307395-300x200.jpg 300w, https:\/\/ellingertor.de\/wp-content\/uploads\/2021\/12\/B7307395-scaled.jpg 1920w\" sizes=\"(max-width: 1024px) 100vw, 1024px\" \/><\/a><\/div><h3 class=\"w-post-elm post_title usg_post_title_1 entry-title color_link_inherit\"><a href=\"https:\/\/ellingertor.de\/en\/room\/princes-super-room\/\">Doppelzimmer Standard<\/a><\/h3><div class=\"w-post-elm post_content usg_post_content_1\"><p>16m\u00b2 \/ 172ft\u00b2<\/p>\n<p>Doppelbett: 180 cm x 200 cm<\/p>\n<p>1\u20132 Personen<\/p>\n<p>98,00 \u20ac<\/p>\n<\/div><a class=\"w-btn us-btn-style_21 usg_btn_1\" href=\"https:\/\/ellingertor.de\/en\/room\/princes-super-room\/\"><span class=\"w-btn-label\">Zimmer anschauen<\/span><\/a>\t\t<\/div>\r\n\t<\/article>\r\n\t<article class=\"w-grid-item us_animate_afl size_1x1 post-1204 us_portfolio type-us_portfolio status-publish has-post-thumbnail hentry\" data-id=\"1204\" style=\"animation-delay:0.5s\">\r\n\t\t<div class=\"w-grid-item-h\">\r\n\t\t\t\t\t\t<div class=\"w-post-elm post_image usg_post_image_1 has_width has_ratio\"><div style=\"padding-bottom:56.25%\"><\/div><a href=\"https:\/\/ellingertor.de\/en\/room\/doppelzimmer-komfort-balkon\/\" aria-label=\"Doppelzimmer Komfort Balkon\"><img decoding=\"async\" width=\"1024\" height=\"683\" src=\"https:\/\/ellingertor.de\/wp-content\/uploads\/2022\/03\/B7307474-1024x683.jpg\" class=\"attachment-large size-large wp-post-image\" alt=\"\" srcset=\"https:\/\/ellingertor.de\/wp-content\/uploads\/2022\/03\/B7307474-1024x683.jpg 1024w, https:\/\/ellingertor.de\/wp-content\/uploads\/2022\/03\/B7307474-300x200.jpg 300w, https:\/\/ellingertor.de\/wp-content\/uploads\/2022\/03\/B7307474-scaled.jpg 1920w\" sizes=\"(max-width: 1024px) 100vw, 1024px\" \/><\/a><\/div><h3 class=\"w-post-elm post_title usg_post_title_1 entry-title color_link_inherit\"><a href=\"https:\/\/ellingertor.de\/en\/room\/doppelzimmer-komfort-balkon\/\">Doppelzimmer Komfort Balkon<\/a><\/h3><div class=\"w-post-elm post_content usg_post_content_1\"><p>18m\u00b2 \/ 194ft\u00b2<\/p>\n<p>Doppelbett: 180 cm x 200 cm<\/p>\n<p>1\u20132 Personen<\/p>\n<p>114,00 \u20ac<\/p>\n<p>mit Zustellbett f\u00fcr 3 Personen: 129,50 \u20ac<\/p>\n<\/div><a class=\"w-btn us-btn-style_21 usg_btn_1\" href=\"https:\/\/ellingertor.de\/en\/room\/doppelzimmer-komfort-balkon\/\"><span class=\"w-btn-label\">Zimmer anschauen<\/span><\/a>\t\t<\/div>\r\n\t<\/article>\r\n\t<article class=\"w-grid-item us_animate_afl size_1x1 post-798 us_portfolio type-us_portfolio status-publish has-post-thumbnail hentry\" data-id=\"798\" style=\"animation-delay:0s\">\r\n\t\t<div class=\"w-grid-item-h\">\r\n\t\t\t\t\t\t<div class=\"w-post-elm post_image usg_post_image_1 has_width has_ratio\"><div style=\"padding-bottom:56.25%\"><\/div><a href=\"https:\/\/ellingertor.de\/en\/room\/princes-vip-room\/\" aria-label=\"Doppelzimmer Komfort\"><img decoding=\"async\" width=\"1024\" height=\"683\" src=\"https:\/\/ellingertor.de\/wp-content\/uploads\/2022\/03\/B7307474-1024x683.jpg\" class=\"attachment-large size-large wp-post-image\" alt=\"\" srcset=\"https:\/\/ellingertor.de\/wp-content\/uploads\/2022\/03\/B7307474-1024x683.jpg 1024w, https:\/\/ellingertor.de\/wp-content\/uploads\/2022\/03\/B7307474-300x200.jpg 300w, https:\/\/ellingertor.de\/wp-content\/uploads\/2022\/03\/B7307474-scaled.jpg 1920w\" sizes=\"(max-width: 1024px) 100vw, 1024px\" \/><\/a><\/div><h3 class=\"w-post-elm post_title usg_post_title_1 entry-title color_link_inherit\"><a href=\"https:\/\/ellingertor.de\/en\/room\/princes-vip-room\/\">Doppelzimmer Komfort<\/a><\/h3><div class=\"w-post-elm post_content usg_post_content_1\"><p>18m\u00b2 \/ 194ft\u00b2<\/p>\n<p>Doppelbett: 180 cm x 200 cm<br \/>\nZustellbett (=Schlafsessel, ausklappbar): 75 cm x190 cm<\/p>\n<p>1\u20132 Personen<\/p>\n<p>109,00 \u20ac<\/p>\n<p>mit Zustellbett f\u00fcr 3 Personen 124,00\u20ac<br \/>\nmit Zustellbett f\u00fcr 4 Personen 140,00\u20ac<\/p>\n<\/div><a class=\"w-btn us-btn-style_21 usg_btn_1\" href=\"https:\/\/ellingertor.de\/en\/room\/princes-vip-room\/\"><span class=\"w-btn-label\">Zimmer anschauen<\/span><\/a>\t\t<\/div>\r\n\t<\/article>\r\n<\/div><div class=\"w-grid-preloader\"><div class=\"g-preloader type_1\">\r\n\t<div><\/div>\r\n<\/div>\r\n<\/div>\t<div class=\"w-grid-json hidden\" onclick='return {&quot;action&quot;:&quot;us_ajax_grid&quot;,&quot;ajax_url&quot;:&quot;https:\\\/\\\/ellingertor.de\\\/wp-admin\\\/admin-ajax.php&quot;,&quot;infinite_scroll&quot;:0,&quot;max_num_pages&quot;:1,&quot;pagination&quot;:&quot;none&quot;,&quot;permalink_url&quot;:&quot;https:\\\/\\\/ellingertor.de\\\/en\\\/wp-json\\\/wp\\\/v2\\\/pages\\\/730&quot;,&quot;template_vars&quot;:{&quot;columns&quot;:&quot;3&quot;,&quot;exclude_items&quot;:&quot;none&quot;,&quot;img_size&quot;:&quot;default&quot;,&quot;ignore_items_size&quot;:false,&quot;items_layout&quot;:&quot;686&quot;,&quot;items_offset&quot;:&quot;1&quot;,&quot;load_animation&quot;:&quot;afl&quot;,&quot;overriding_link&quot;:&quot;none&quot;,&quot;post_id&quot;:730,&quot;query_args&quot;:{&quot;post_type&quot;:[&quot;us_portfolio&quot;],&quot;post_status&quot;:[&quot;publish&quot;,&quot;acf-disabled&quot;],&quot;posts_per_page&quot;:&quot;20&quot;},&quot;orderby_query_args&quot;:{&quot;orderby&quot;:{&quot;title&quot;:&quot;DESC&quot;},&quot;order&quot;:&quot;DESC&quot;},&quot;type&quot;:&quot;grid&quot;,&quot;us_grid_ajax_index&quot;:1,&quot;us_grid_filter_params&quot;:null,&quot;us_grid_index&quot;:1,&quot;_us_grid_post_type&quot;:&quot;us_portfolio&quot;}}'><\/div>\r\n\t<\/div><\/div><\/div><\/div><\/div><\/section>\n","protected":false},"excerpt":{"rendered":"Dusche &amp;WC Haartrockner Klimatisiert Flachbild-TV mit Radio kostenfreies WLAN Safe (nicht in allen Zimmern verf\u00fcgbar) abschlie\u00dfbarer Fahrrad-Abstellplatz reichhaltiges Fr\u00fchst\u00fccksbuffet Jetzt Zimmer Buchen Alle Zimmer verf\u00fcgen \u00fcber ein eigenes Badezimmer, Dusche, WC, F\u00f6hn, Klimaanlage (individuell regelbar) TV mit Radiofunktion, kostenfreies W-LAN (im ganzen Haus). \u00a0Preise immer inklusive Fr\u00fchst\u00fcck und derzeit g\u00fcltiger Mehrwertsteuer Fr\u00fchst\u00fccksbuffet: frisch zubereitete Eierspeisen,...","protected":false},"author":1,"featured_media":0,"parent":0,"menu_order":0,"comment_status":"closed","ping_status":"closed","template":"","meta":{"footnotes":""},"class_list":["post-730","page","type-page","status-publish","hentry"],"acf":[],"_links":{"self":[{"href":"https:\/\/ellingertor.de\/en\/wp-json\/wp\/v2\/pages\/730","targetHints":{"allow":["GET"]}}],"collection":[{"href":"https:\/\/ellingertor.de\/en\/wp-json\/wp\/v2\/pages"}],"about":[{"href":"https:\/\/ellingertor.de\/en\/wp-json\/wp\/v2\/types\/page"}],"author":[{"embeddable":true,"href":"https:\/\/ellingertor.de\/en\/wp-json\/wp\/v2\/users\/1"}],"replies":[{"embeddable":true,"href":"https:\/\/ellingertor.de\/en\/wp-json\/wp\/v2\/comments?post=730"}],"version-history":[{"count":5,"href":"https:\/\/ellingertor.de\/en\/wp-json\/wp\/v2\/pages\/730\/revisions"}],"predecessor-version":[{"id":1237,"href":"https:\/\/ellingertor.de\/en\/wp-json\/wp\/v2\/pages\/730\/revisions\/1237"}],"wp:attachment":[{"href":"https:\/\/ellingertor.de\/en\/wp-json\/wp\/v2\/media?parent=730"}],"curies":[{"name":"wp","href":"https:\/\/api.w.org\/{rel}","templated":true}]}}